{"id":530,"date":"2025-05-26T12:04:36","date_gmt":"2025-05-26T12:04:36","guid":{"rendered":"https:\/\/beautycrikvenica.com\/?page_id=530"},"modified":"2025-05-26T12:09:00","modified_gmt":"2025-05-26T12:09:00","slug":"kolacici","status":"publish","type":"page","link":"https:\/\/beautycrikvenica.com\/hr\/kolacici\/","title":{"rendered":"Pravila o kola\u010di\u0107ima"},"content":{"rendered":"<div data-elementor-type=\"wp-page\" data-elementor-id=\"530\" class=\"elementor elementor-530\" data-elementor-post-type=\"page\">\n\t\t\t\t<div class=\"elementor-element elementor-element-872bf03 e-flex e-con-boxed e-con e-parent\" data-id=\"872bf03\" data-element_type=\"container\" data-e-type=\"container\">\n\t\t\t\t\t<div class=\"e-con-inner\">\n\t\t\t\t<div class=\"elementor-element elementor-element-e7e3b42 elementor-widget elementor-widget-heading\" data-id=\"e7e3b42\" data-element_type=\"widget\" data-e-type=\"widget\" data-widget_type=\"heading.default\">\n\t\t\t\t<div class=\"elementor-widget-container\">\n\t\t\t\t\t<h2 class=\"elementor-heading-title elementor-size-default\">Pravila o kola\u010di\u0107ima<\/h2>\t\t\t\t<\/div>\n\t\t\t\t<\/div>\n\t\t\t\t<div class=\"elementor-element elementor-element-0a0e6d6 elementor-widget elementor-widget-text-editor\" data-id=\"0a0e6d6\" data-element_type=\"widget\" data-e-type=\"widget\" data-widget_type=\"text-editor.default\">\n\t\t\t\t<div class=\"elementor-widget-container\">\n\t\t\t\t\t\t\t\t\t<p>\ud83d\udcc5 <strong>Datum stupanja na snagu:<\/strong> 28. travnja 2025.<br \/>\ud83d\udcc5 <strong>Zadnje a\u017euriranje:<\/strong> 28. travnja 2025.<\/p><hr \/><p><strong>MI &amp; CO.<\/strong> (\u201cmi\u201d, \u201cna\u0161\u201d ili \u201cnas\u201d) upravlja web-stranicom <strong>beautycrikvenica.com<\/strong>Ova Pravila o kola\u010di\u0107ima obja\u0161njavaju kako koristimo kola\u010di\u0107e i sli\u010dne tehnologije kako bismo vas prepoznali kada posjetite na\u0161u web stranicu.<\/p><hr \/><h3>1. \u0160to su kola\u010di\u0107i?<\/h3><p>Kola\u010di\u0107i su male tekstualne datoteke koje se postavljaju na va\u0161e ra\u010dunalo ili mobilni ure\u0111aj kada posjetite web-stranicu. \u0160iroko se koriste za ispravno funkcioniranje web-stranica, pobolj\u0161anje korisni\u010dkog iskustva i pru\u017eanje analiti\u010dkih informacija.<\/p><hr \/><h3>2. Kola\u010di\u0107i koje koristimo<\/h3><p><strong>Neophodni kola\u010di\u0107i:<\/strong><\/p><ul><li><p><code>__cf_bm<\/code> (beautycrikvenica.com) \u2013 Postavljeno od strane Cloudflarea za upravljanje botovima. <strong>Trajanje:<\/strong> 1 sat<\/p><\/li><li><p><code>__cfuvid<\/code> (beautycrikvenica.com) \u2013 Postavljeno od strane Calendlyja za upravljanje sesijama. <strong>Trajanje:<\/strong> Sjednica<\/p><\/li><li><p><code>cf_clearance<\/code> (beautycrikvenica.com) \u2013 Postavio Cloudflare za CAPTCHA provjeru. <strong>Trajanje:<\/strong> 1 godina<\/p><\/li><li><p><code>wpEmojiSettingsSupports<\/code> (beautycrikvenica.com) \u2013 WordPress kola\u010di\u0107 za podr\u0161ku prikaza emojija. <strong>Trajanje:<\/strong> Sjednica<\/p><\/li><\/ul><p><strong>Marketin\u0161ki i kola\u010di\u0107i tre\u0107ih strana:<\/strong><\/p><ul><li><p><code>Mladi \u0161kolski vije\u0107nik<\/code> (youtube.com) \u2013 Prati preglede ugra\u0111enih YouTube videa. <strong>Trajanje:<\/strong> Sjednica<\/p><\/li><li><p><code>POSJETITELJ_INFO1_U\u017dIVO<\/code> (youtube.com) \u2013 Mjeri propusnost za su\u010delje YouTube playera. <strong>Trajanje:<\/strong> 6 mjeseci<\/p><\/li><li><p><code>METAPODACI_PRIVATNOSTI_POSETITELJA<\/code> (youtube.com) \u2013 Pohranjuje postavke privole korisnika. <strong>Trajanje:<\/strong> 6 mjeseci<\/p><\/li><li><p><code>__Secure-ROLLOUT_TOKEN<\/code> (youtube.com) \u2013 Interna upotreba od strane YouTubea. <strong>Trajanje:<\/strong> 6 mjeseci<\/p><\/li><\/ul><p><strong>Analiti\u010dki kola\u010di\u0107i:<\/strong><\/p><ul><li><p><code>_ga<\/code>, <code>_gid<\/code>, <code>_gat<\/code> (beautycrikvenica.com \u2013 Google Analytics) \u2013 Prikuplja podatke o kori\u0161tenju web stranice radi optimizacije performansi. <strong>Trajanje:<\/strong> Od sesije do 2 godine<\/p><\/li><\/ul><hr \/><h3>3. Upravljanje kola\u010di\u0107ima<\/h3><p>Postavkama kola\u010di\u0107a mo\u017eete upravljati putem bannera za pristanak ili postavki preglednika. Onemogu\u0107avanje kola\u010di\u0107a mo\u017ee utjecati na funkcionalnost web stranice.<\/p><p>Za isklju\u010divanje pra\u0107enja Google Analyticsa posjetite:<br \/><a href=\"https:\/\/tools.google.com\/dlpage\/gaoptout\">https:\/\/tools.google.com\/dlpage\/gaoptout<\/a><\/p><hr \/><h3>4. Izmjene ove Politike<\/h3><p>Ovu Politiku kola\u010di\u0107a mo\u017eemo s vremena na vrijeme a\u017eurirati. A\u017euriranja \u0107e biti objavljena na ovoj stranici.<\/p><hr \/><h3>5. Kontaktirajte nas<\/h3><p>Za sva pitanja u vezi s na\u0161om upotrebom kola\u010di\u0107a, molimo kontaktirajte nas na:<br \/><strong><a href=\"mailto:info@beautycrikvenica.com\">info@beautycrikvenica.com<\/a><\/strong><\/p><p>\u00a0<\/p>\t\t\t\t\t\t\t\t<\/div>\n\t\t\t\t<\/div>\n\t\t\t\t\t<\/div>\n\t\t\t\t<\/div>\n\t\t\t\t<\/div>","protected":false},"excerpt":{"rendered":"<p>Cookie Policy \ud83d\udcc5 Effective Date: 28-Apr-2025\ud83d\udcc5 Last Updated: 28-Apr-2025 MI &amp; CO. (&#8220;we,&#8221; &#8220;our,&#8221; or &#8220;us&#8221;) operates the website beautycrikvenica.com. This Cookie Policy explains how we use cookies and similar technologies to recognize you when you visit our website. 1. What Are Cookies? Cookies are small text files placed on your computer or mobile device [&hellip;]<\/p>\n","protected":false},"author":2,"featured_media":0,"parent":0,"menu_order":0,"comment_status":"closed","ping_status":"closed","template":"elementor_header_footer","meta":{"nf_dc_page":"","footnotes":""},"class_list":["post-530","page","type-page","status-publish","hentry"],"yoast_head":"<!-- This site is optimized with the Yoast SEO plugin v27.4 - https:\/\/yoast.com\/product\/yoast-seo-wordpress\/ -->\n<title>Cookie Policy - Beauty Rituali Crikvenica<\/title>\n<meta name=\"robots\" content=\"index, follow, max-snippet:-1, max-image-preview:large, max-video-preview:-1\" \/>\n<link rel=\"canonical\" href=\"https:\/\/beautycrikvenica.com\/hr\/kolacici\/\" \/>\n<meta property=\"og:locale\" content=\"hr_HR\" \/>\n<meta property=\"og:type\" content=\"article\" \/>\n<meta property=\"og:title\" content=\"Cookie Policy - Beauty Rituali Crikvenica\" \/>\n<meta property=\"og:description\" content=\"Cookie Policy \ud83d\udcc5 Effective Date: 28-Apr-2025\ud83d\udcc5 Last Updated: 28-Apr-2025 MI &amp; CO. (&#8220;we,&#8221; &#8220;our,&#8221; or &#8220;us&#8221;) operates the website beautycrikvenica.com. This Cookie Policy explains how we use cookies and similar technologies to recognize you when you visit our website. 1. What Are Cookies? Cookies are small text files placed on your computer or mobile device [&hellip;]\" \/>\n<meta property=\"og:url\" content=\"https:\/\/beautycrikvenica.com\/hr\/kolacici\/\" \/>\n<meta property=\"og:site_name\" content=\"Beauty Rituali Crikvenica\" \/>\n<meta property=\"article:modified_time\" content=\"2025-05-26T12:09:00+00:00\" \/>\n<meta name=\"twitter:card\" content=\"summary_large_image\" \/>\n<meta name=\"twitter:label1\" content=\"Procijenjeno vrijeme \u010ditanja\" \/>\n\t<meta name=\"twitter:data1\" content=\"1 minuta\" \/>\n<script type=\"application\/ld+json\" class=\"yoast-schema-graph\">{\"@context\":\"https:\\\/\\\/schema.org\",\"@graph\":[{\"@type\":\"WebPage\",\"@id\":\"https:\\\/\\\/beautycrikvenica.com\\\/cookies\\\/\",\"url\":\"https:\\\/\\\/beautycrikvenica.com\\\/cookies\\\/\",\"name\":\"Cookie Policy - Beauty Rituali Crikvenica\",\"isPartOf\":{\"@id\":\"https:\\\/\\\/beautycrikvenica.com\\\/#website\"},\"datePublished\":\"2025-05-26T12:04:36+00:00\",\"dateModified\":\"2025-05-26T12:09:00+00:00\",\"breadcrumb\":{\"@id\":\"https:\\\/\\\/beautycrikvenica.com\\\/cookies\\\/#breadcrumb\"},\"inLanguage\":\"hr\",\"potentialAction\":[{\"@type\":\"ReadAction\",\"target\":[\"https:\\\/\\\/beautycrikvenica.com\\\/cookies\\\/\"]}]},{\"@type\":\"BreadcrumbList\",\"@id\":\"https:\\\/\\\/beautycrikvenica.com\\\/cookies\\\/#breadcrumb\",\"itemListElement\":[{\"@type\":\"ListItem\",\"position\":1,\"name\":\"Home\",\"item\":\"https:\\\/\\\/beautycrikvenica.com\\\/\"},{\"@type\":\"ListItem\",\"position\":2,\"name\":\"Cookie Policy\"}]},{\"@type\":\"WebSite\",\"@id\":\"https:\\\/\\\/beautycrikvenica.com\\\/#website\",\"url\":\"https:\\\/\\\/beautycrikvenica.com\\\/\",\"name\":\"Beauty Rituali Crikvenica\",\"description\":\"MI&amp;Co.\",\"publisher\":{\"@id\":\"https:\\\/\\\/beautycrikvenica.com\\\/#organization\"},\"potentialAction\":[{\"@type\":\"SearchAction\",\"target\":{\"@type\":\"EntryPoint\",\"urlTemplate\":\"https:\\\/\\\/beautycrikvenica.com\\\/?s={search_term_string}\"},\"query-input\":{\"@type\":\"PropertyValueSpecification\",\"valueRequired\":true,\"valueName\":\"search_term_string\"}}],\"inLanguage\":\"hr\"},{\"@type\":\"Organization\",\"@id\":\"https:\\\/\\\/beautycrikvenica.com\\\/#organization\",\"name\":\"Beauty Rituali Crikvenica\",\"url\":\"https:\\\/\\\/beautycrikvenica.com\\\/\",\"logo\":{\"@type\":\"ImageObject\",\"inLanguage\":\"hr\",\"@id\":\"https:\\\/\\\/beautycrikvenica.com\\\/#\\\/schema\\\/logo\\\/image\\\/\",\"url\":\"https:\\\/\\\/beautycrikvenica.com\\\/wp-content\\\/uploads\\\/2025\\\/04\\\/Beauty-Rituali-e1744358986773.png\",\"contentUrl\":\"https:\\\/\\\/beautycrikvenica.com\\\/wp-content\\\/uploads\\\/2025\\\/04\\\/Beauty-Rituali-e1744358986773.png\",\"width\":1340,\"height\":497,\"caption\":\"Beauty Rituali Crikvenica\"},\"image\":{\"@id\":\"https:\\\/\\\/beautycrikvenica.com\\\/#\\\/schema\\\/logo\\\/image\\\/\"}}]}<\/script>\n<!-- \/ Yoast SEO plugin. -->","yoast_head_json":{"title":"Pravila o kola\u010di\u0107ima - Beauty Rituali Crikvenica","robots":{"index":"index","follow":"follow","max-snippet":"max-snippet:-1","max-image-preview":"max-image-preview:large","max-video-preview":"max-video-preview:-1"},"canonical":"https:\/\/beautycrikvenica.com\/hr\/kolacici\/","og_locale":"hr_HR","og_type":"article","og_title":"Cookie Policy - Beauty Rituali Crikvenica","og_description":"Cookie Policy \ud83d\udcc5 Effective Date: 28-Apr-2025\ud83d\udcc5 Last Updated: 28-Apr-2025 MI &amp; CO. (&#8220;we,&#8221; &#8220;our,&#8221; or &#8220;us&#8221;) operates the website beautycrikvenica.com. This Cookie Policy explains how we use cookies and similar technologies to recognize you when you visit our website. 1. What Are Cookies? Cookies are small text files placed on your computer or mobile device [&hellip;]","og_url":"https:\/\/beautycrikvenica.com\/hr\/kolacici\/","og_site_name":"Beauty Rituali Crikvenica","article_modified_time":"2025-05-26T12:09:00+00:00","twitter_card":"summary_large_image","twitter_misc":{"Procijenjeno vrijeme \u010ditanja":"1 minuta"},"schema":{"@context":"https:\/\/schema.org","@graph":[{"@type":"WebPage","@id":"https:\/\/beautycrikvenica.com\/cookies\/","url":"https:\/\/beautycrikvenica.com\/cookies\/","name":"Pravila o kola\u010di\u0107ima - Beauty Rituali Crikvenica","isPartOf":{"@id":"https:\/\/beautycrikvenica.com\/#website"},"datePublished":"2025-05-26T12:04:36+00:00","dateModified":"2025-05-26T12:09:00+00:00","breadcrumb":{"@id":"https:\/\/beautycrikvenica.com\/cookies\/#breadcrumb"},"inLanguage":"hr","potentialAction":[{"@type":"ReadAction","target":["https:\/\/beautycrikvenica.com\/cookies\/"]}]},{"@type":"BreadcrumbList","@id":"https:\/\/beautycrikvenica.com\/cookies\/#breadcrumb","itemListElement":[{"@type":"ListItem","position":1,"name":"Home","item":"https:\/\/beautycrikvenica.com\/"},{"@type":"ListItem","position":2,"name":"Cookie Policy"}]},{"@type":"WebSite","@id":"https:\/\/beautycrikvenica.com\/#website","url":"https:\/\/beautycrikvenica.com\/","name":"Beauty Ritual Crikvenica","description":"MI&amp;Co.","publisher":{"@id":"https:\/\/beautycrikvenica.com\/#organization"},"potentialAction":[{"@type":"SearchAction","target":{"@type":"EntryPoint","urlTemplate":"https:\/\/beautycrikvenica.com\/?s={search_term_string}"},"query-input":{"@type":"PropertyValueSpecification","valueRequired":true,"valueName":"search_term_string"}}],"inLanguage":"hr"},{"@type":"Organization","@id":"https:\/\/beautycrikvenica.com\/#organization","name":"Beauty Ritual Crikvenica","url":"https:\/\/beautycrikvenica.com\/","logo":{"@type":"ImageObject","inLanguage":"hr","@id":"https:\/\/beautycrikvenica.com\/#\/schema\/logo\/image\/","url":"https:\/\/beautycrikvenica.com\/wp-content\/uploads\/2025\/04\/Beauty-Rituali-e1744358986773.png","contentUrl":"https:\/\/beautycrikvenica.com\/wp-content\/uploads\/2025\/04\/Beauty-Rituali-e1744358986773.png","width":1340,"height":497,"caption":"Beauty Rituali Crikvenica"},"image":{"@id":"https:\/\/beautycrikvenica.com\/#\/schema\/logo\/image\/"}}]}},"_links":{"self":[{"href":"https:\/\/beautycrikvenica.com\/hr\/wp-json\/wp\/v2\/pages\/530","targetHints":{"allow":["GET"]}}],"collection":[{"href":"https:\/\/beautycrikvenica.com\/hr\/wp-json\/wp\/v2\/pages"}],"about":[{"href":"https:\/\/beautycrikvenica.com\/hr\/wp-json\/wp\/v2\/types\/page"}],"author":[{"embeddable":true,"href":"https:\/\/beautycrikvenica.com\/hr\/wp-json\/wp\/v2\/users\/2"}],"replies":[{"embeddable":true,"href":"https:\/\/beautycrikvenica.com\/hr\/wp-json\/wp\/v2\/comments?post=530"}],"version-history":[{"count":7,"href":"https:\/\/beautycrikvenica.com\/hr\/wp-json\/wp\/v2\/pages\/530\/revisions"}],"predecessor-version":[{"id":538,"href":"https:\/\/beautycrikvenica.com\/hr\/wp-json\/wp\/v2\/pages\/530\/revisions\/538"}],"wp:attachment":[{"href":"https:\/\/beautycrikvenica.com\/hr\/wp-json\/wp\/v2\/media?parent=530"}],"curies":[{"name":"radni list","href":"https:\/\/api.w.org\/{rel}","templated":true}]}}