{"id":530,"date":"2025-05-26T12:04:36","date_gmt":"2025-05-26T12:04:36","guid":{"rendered":"https:\/\/beautycrikvenica.com\/?page_id=530"},"modified":"2025-05-26T12:09:00","modified_gmt":"2025-05-26T12:09:00","slug":"cookies","status":"publish","type":"page","link":"https:\/\/beautycrikvenica.com\/de\/cookies\/","title":{"rendered":"Cookie-Richtlinie"},"content":{"rendered":"<div data-elementor-type=\"wp-page\" data-elementor-id=\"530\" class=\"elementor elementor-530\" data-elementor-post-type=\"page\">\n\t\t\t\t<div class=\"elementor-element elementor-element-872bf03 e-flex e-con-boxed e-con e-parent\" data-id=\"872bf03\" data-element_type=\"container\" data-e-type=\"container\">\n\t\t\t\t\t<div class=\"e-con-inner\">\n\t\t\t\t<div class=\"elementor-element elementor-element-e7e3b42 elementor-widget elementor-widget-heading\" data-id=\"e7e3b42\" data-element_type=\"widget\" data-e-type=\"widget\" data-widget_type=\"heading.default\">\n\t\t\t\t<div class=\"elementor-widget-container\">\n\t\t\t\t\t<h2 class=\"elementor-heading-title elementor-size-default\">Cookie-Richtlinie<\/h2>\t\t\t\t<\/div>\n\t\t\t\t<\/div>\n\t\t\t\t<div class=\"elementor-element elementor-element-0a0e6d6 elementor-widget elementor-widget-text-editor\" data-id=\"0a0e6d6\" data-element_type=\"widget\" data-e-type=\"widget\" data-widget_type=\"text-editor.default\">\n\t\t\t\t<div class=\"elementor-widget-container\">\n\t\t\t\t\t\t\t\t\t<p>\ud83d\udcc5 <strong>Datum des Inkrafttretens:<\/strong> 28-Apr-2025<br \/>\ud83d\udcc5 <strong>Zuletzt aktualisiert:<\/strong> 28-Apr-2025<\/p><hr \/><p><strong>MI &amp; CO.<\/strong> (\u201cwir\u201d, \u201cunser\u201d oder \u201cuns\u201d) betreibt die Website <strong>beautycrikvenica.com<\/strong>. Diese Cookie-Richtlinie erkl\u00e4rt, wie wir Cookies und \u00e4hnliche Technologien verwenden, um Sie zu erkennen, wenn Sie unsere Website besuchen.<\/p><hr \/><h3>1. Was sind Cookies?<\/h3><p>Cookies sind kleine Textdateien, die auf Ihrem Computer oder Mobilger\u00e4t gespeichert werden, wenn Sie eine Website besuchen. Sie werden h\u00e4ufig verwendet, damit Websites ordnungsgem\u00e4\u00df funktionieren, die Benutzerfreundlichkeit verbessert wird und analytische Informationen bereitgestellt werden.<\/p><hr \/><h3>2. Cookies, die wir verwenden<\/h3><p><strong>Erforderliche Cookies:<\/strong><\/p><ul><li><p><code>__cf_bm<\/code> (beautycrikvenica.com) - Eingestellt von Cloudflare f\u00fcr Bot-Management. <strong>Dauer:<\/strong> 1 Stunde<\/p><\/li><li><p><code>__cfuvid<\/code> (beautycrikvenica.com) - Von Calendly f\u00fcr das Sitzungsmanagement eingestellt. <strong>Dauer:<\/strong> Sitzung<\/p><\/li><li><p><code>cf_clearance<\/code> (beautycrikvenica.com) - Von Cloudflare f\u00fcr die CAPTCHA-Verifizierung eingestellt. <strong>Dauer:<\/strong> 1 Jahr<\/p><\/li><li><p><code>wpEmojiSettingsSupports<\/code> (beautycrikvenica.com) - WordPress-Cookie f\u00fcr Emoji-Rendering-Unterst\u00fctzung. <strong>Dauer:<\/strong> Sitzung<\/p><\/li><\/ul><p><strong>Marketing und Cookies von Drittanbietern:<\/strong><\/p><ul><li><p><code>YSC<\/code> (youtube.com) - Verfolgt die Aufrufe von eingebetteten YouTube-Videos. <strong>Dauer:<\/strong> Sitzung<\/p><\/li><li><p><code>BESUCHER_INFO1_LIVE<\/code> (youtube.com) - Misst die Bandbreite f\u00fcr die YouTube-Player-Schnittstelle. <strong>Dauer:<\/strong> 6 Monate<\/p><\/li><li><p><code>BESUCHER_PRIVACY_METADATEN<\/code> (youtube.com) - Speichert die Einstellungen f\u00fcr die Zustimmung der Benutzer. <strong>Dauer:<\/strong> 6 Monate<\/p><\/li><li><p><code>__Secure-ROLLOUT_TOKEN<\/code> (youtube.com) - Interne Nutzung durch YouTube. <strong>Dauer:<\/strong> 6 Monate<\/p><\/li><\/ul><p><strong>Analytische Cookies:<\/strong><\/p><ul><li><p><code>_ga<\/code>, <code>_gid<\/code>, <code>_gat<\/code> (beautycrikvenica.com - Google Analytics) - Sammelt Daten \u00fcber die Nutzung der Website zur Leistungsoptimierung. <strong>Dauer:<\/strong> Von der Sitzung bis zu 2 Jahren<\/p><\/li><\/ul><hr \/><h3>3. Verwaltung von Cookies<\/h3><p>Sie k\u00f6nnen Ihre Cookie-Pr\u00e4ferenzen \u00fcber das Zustimmungsbanner oder Ihre Browsereinstellungen verwalten. Die Deaktivierung von Cookies kann die Funktionalit\u00e4t der Website beeintr\u00e4chtigen.<\/p><p>Um das Tracking durch Google Analytics zu deaktivieren, besuchen Sie bitte diese Seite:<br \/><a href=\"https:\/\/tools.google.com\/dlpage\/gaoptout\">https:\/\/tools.google.com\/dlpage\/gaoptout<\/a><\/p><hr \/><h3>4. \u00c4nderungen an dieser Politik<\/h3><p>Wir k\u00f6nnen diese Cookie-Richtlinie von Zeit zu Zeit aktualisieren. Aktualisierungen werden auf dieser Seite ver\u00f6ffentlicht.<\/p><hr \/><h3>5. Kontakt<\/h3><p>Wenn Sie Fragen zu unserer Verwendung von Cookies haben, wenden Sie sich bitte an uns:<br \/><strong><a href=\"mailto:info@beautycrikvenica.com\">info@beautycrikvenica.com<\/a><\/strong><\/p><p>\u00a0<\/p>\t\t\t\t\t\t\t\t<\/div>\n\t\t\t\t<\/div>\n\t\t\t\t\t<\/div>\n\t\t\t\t<\/div>\n\t\t\t\t<\/div>","protected":false},"excerpt":{"rendered":"<p>Cookie Policy \ud83d\udcc5 Effective Date: 28-Apr-2025\ud83d\udcc5 Last Updated: 28-Apr-2025 MI &amp; CO. (&#8220;we,&#8221; &#8220;our,&#8221; or &#8220;us&#8221;) operates the website beautycrikvenica.com. This Cookie Policy explains how we use cookies and similar technologies to recognize you when you visit our website. 1. What Are Cookies? Cookies are small text files placed on your computer or mobile device [&hellip;]<\/p>\n","protected":false},"author":2,"featured_media":0,"parent":0,"menu_order":0,"comment_status":"closed","ping_status":"closed","template":"elementor_header_footer","meta":{"nf_dc_page":"","footnotes":""},"class_list":["post-530","page","type-page","status-publish","hentry"],"yoast_head":"<!-- This site is optimized with the Yoast SEO plugin v27.4 - https:\/\/yoast.com\/product\/yoast-seo-wordpress\/ -->\n<title>Cookie Policy - Beauty Rituali Crikvenica<\/title>\n<meta name=\"robots\" content=\"index, follow, max-snippet:-1, max-image-preview:large, max-video-preview:-1\" \/>\n<link rel=\"canonical\" href=\"https:\/\/beautycrikvenica.com\/de\/cookies\/\" \/>\n<meta property=\"og:locale\" content=\"de_DE\" \/>\n<meta property=\"og:type\" content=\"article\" \/>\n<meta property=\"og:title\" content=\"Cookie Policy - Beauty Rituali Crikvenica\" \/>\n<meta property=\"og:description\" content=\"Cookie Policy \ud83d\udcc5 Effective Date: 28-Apr-2025\ud83d\udcc5 Last Updated: 28-Apr-2025 MI &amp; CO. (&#8220;we,&#8221; &#8220;our,&#8221; or &#8220;us&#8221;) operates the website beautycrikvenica.com. This Cookie Policy explains how we use cookies and similar technologies to recognize you when you visit our website. 1. What Are Cookies? Cookies are small text files placed on your computer or mobile device [&hellip;]\" \/>\n<meta property=\"og:url\" content=\"https:\/\/beautycrikvenica.com\/de\/cookies\/\" \/>\n<meta property=\"og:site_name\" content=\"Beauty Rituali Crikvenica\" \/>\n<meta property=\"article:modified_time\" content=\"2025-05-26T12:09:00+00:00\" \/>\n<meta name=\"twitter:card\" content=\"summary_large_image\" \/>\n<meta name=\"twitter:label1\" content=\"Gesch\u00e4tzte Lesezeit\" \/>\n\t<meta name=\"twitter:data1\" content=\"1\u00a0Minute\" \/>\n<script type=\"application\/ld+json\" class=\"yoast-schema-graph\">{\"@context\":\"https:\\\/\\\/schema.org\",\"@graph\":[{\"@type\":\"WebPage\",\"@id\":\"https:\\\/\\\/beautycrikvenica.com\\\/cookies\\\/\",\"url\":\"https:\\\/\\\/beautycrikvenica.com\\\/cookies\\\/\",\"name\":\"Cookie Policy - Beauty Rituali Crikvenica\",\"isPartOf\":{\"@id\":\"https:\\\/\\\/beautycrikvenica.com\\\/#website\"},\"datePublished\":\"2025-05-26T12:04:36+00:00\",\"dateModified\":\"2025-05-26T12:09:00+00:00\",\"breadcrumb\":{\"@id\":\"https:\\\/\\\/beautycrikvenica.com\\\/cookies\\\/#breadcrumb\"},\"inLanguage\":\"de\",\"potentialAction\":[{\"@type\":\"ReadAction\",\"target\":[\"https:\\\/\\\/beautycrikvenica.com\\\/cookies\\\/\"]}]},{\"@type\":\"BreadcrumbList\",\"@id\":\"https:\\\/\\\/beautycrikvenica.com\\\/cookies\\\/#breadcrumb\",\"itemListElement\":[{\"@type\":\"ListItem\",\"position\":1,\"name\":\"Home\",\"item\":\"https:\\\/\\\/beautycrikvenica.com\\\/\"},{\"@type\":\"ListItem\",\"position\":2,\"name\":\"Cookie Policy\"}]},{\"@type\":\"WebSite\",\"@id\":\"https:\\\/\\\/beautycrikvenica.com\\\/#website\",\"url\":\"https:\\\/\\\/beautycrikvenica.com\\\/\",\"name\":\"Beauty Rituali Crikvenica\",\"description\":\"MI&amp;Co.\",\"publisher\":{\"@id\":\"https:\\\/\\\/beautycrikvenica.com\\\/#organization\"},\"potentialAction\":[{\"@type\":\"SearchAction\",\"target\":{\"@type\":\"EntryPoint\",\"urlTemplate\":\"https:\\\/\\\/beautycrikvenica.com\\\/?s={search_term_string}\"},\"query-input\":{\"@type\":\"PropertyValueSpecification\",\"valueRequired\":true,\"valueName\":\"search_term_string\"}}],\"inLanguage\":\"de\"},{\"@type\":\"Organization\",\"@id\":\"https:\\\/\\\/beautycrikvenica.com\\\/#organization\",\"name\":\"Beauty Rituali Crikvenica\",\"url\":\"https:\\\/\\\/beautycrikvenica.com\\\/\",\"logo\":{\"@type\":\"ImageObject\",\"inLanguage\":\"de\",\"@id\":\"https:\\\/\\\/beautycrikvenica.com\\\/#\\\/schema\\\/logo\\\/image\\\/\",\"url\":\"https:\\\/\\\/beautycrikvenica.com\\\/wp-content\\\/uploads\\\/2025\\\/04\\\/Beauty-Rituali-e1744358986773.png\",\"contentUrl\":\"https:\\\/\\\/beautycrikvenica.com\\\/wp-content\\\/uploads\\\/2025\\\/04\\\/Beauty-Rituali-e1744358986773.png\",\"width\":1340,\"height\":497,\"caption\":\"Beauty Rituali Crikvenica\"},\"image\":{\"@id\":\"https:\\\/\\\/beautycrikvenica.com\\\/#\\\/schema\\\/logo\\\/image\\\/\"}}]}<\/script>\n<!-- \/ Yoast SEO plugin. -->","yoast_head_json":{"title":"Cookie-Richtlinie - Beauty Rituali Crikvenica","robots":{"index":"index","follow":"follow","max-snippet":"max-snippet:-1","max-image-preview":"max-image-preview:large","max-video-preview":"max-video-preview:-1"},"canonical":"https:\/\/beautycrikvenica.com\/de\/cookies\/","og_locale":"de_DE","og_type":"article","og_title":"Cookie Policy - Beauty Rituali Crikvenica","og_description":"Cookie Policy \ud83d\udcc5 Effective Date: 28-Apr-2025\ud83d\udcc5 Last Updated: 28-Apr-2025 MI &amp; CO. (&#8220;we,&#8221; &#8220;our,&#8221; or &#8220;us&#8221;) operates the website beautycrikvenica.com. This Cookie Policy explains how we use cookies and similar technologies to recognize you when you visit our website. 1. What Are Cookies? Cookies are small text files placed on your computer or mobile device [&hellip;]","og_url":"https:\/\/beautycrikvenica.com\/de\/cookies\/","og_site_name":"Beauty Rituali Crikvenica","article_modified_time":"2025-05-26T12:09:00+00:00","twitter_card":"summary_large_image","twitter_misc":{"Gesch\u00e4tzte Lesezeit":"1\u00a0Minute"},"schema":{"@context":"https:\/\/schema.org","@graph":[{"@type":"WebPage","@id":"https:\/\/beautycrikvenica.com\/cookies\/","url":"https:\/\/beautycrikvenica.com\/cookies\/","name":"Cookie-Richtlinie - Beauty Rituali Crikvenica","isPartOf":{"@id":"https:\/\/beautycrikvenica.com\/#website"},"datePublished":"2025-05-26T12:04:36+00:00","dateModified":"2025-05-26T12:09:00+00:00","breadcrumb":{"@id":"https:\/\/beautycrikvenica.com\/cookies\/#breadcrumb"},"inLanguage":"de","potentialAction":[{"@type":"ReadAction","target":["https:\/\/beautycrikvenica.com\/cookies\/"]}]},{"@type":"BreadcrumbList","@id":"https:\/\/beautycrikvenica.com\/cookies\/#breadcrumb","itemListElement":[{"@type":"ListItem","position":1,"name":"Home","item":"https:\/\/beautycrikvenica.com\/"},{"@type":"ListItem","position":2,"name":"Cookie Policy"}]},{"@type":"WebSite","@id":"https:\/\/beautycrikvenica.com\/#website","url":"https:\/\/beautycrikvenica.com\/","name":"Sch\u00f6nheitsrituale Crikvenica","description":"MI&amp;Co.","publisher":{"@id":"https:\/\/beautycrikvenica.com\/#organization"},"potentialAction":[{"@type":"SearchAction","target":{"@type":"EntryPoint","urlTemplate":"https:\/\/beautycrikvenica.com\/?s={search_term_string}"},"query-input":{"@type":"PropertyValueSpecification","valueRequired":true,"valueName":"search_term_string"}}],"inLanguage":"de"},{"@type":"Organization","@id":"https:\/\/beautycrikvenica.com\/#organization","name":"Sch\u00f6nheitsrituale Crikvenica","url":"https:\/\/beautycrikvenica.com\/","logo":{"@type":"ImageObject","inLanguage":"de","@id":"https:\/\/beautycrikvenica.com\/#\/schema\/logo\/image\/","url":"https:\/\/beautycrikvenica.com\/wp-content\/uploads\/2025\/04\/Beauty-Rituali-e1744358986773.png","contentUrl":"https:\/\/beautycrikvenica.com\/wp-content\/uploads\/2025\/04\/Beauty-Rituali-e1744358986773.png","width":1340,"height":497,"caption":"Beauty Rituali Crikvenica"},"image":{"@id":"https:\/\/beautycrikvenica.com\/#\/schema\/logo\/image\/"}}]}},"_links":{"self":[{"href":"https:\/\/beautycrikvenica.com\/de\/wp-json\/wp\/v2\/pages\/530","targetHints":{"allow":["GET"]}}],"collection":[{"href":"https:\/\/beautycrikvenica.com\/de\/wp-json\/wp\/v2\/pages"}],"about":[{"href":"https:\/\/beautycrikvenica.com\/de\/wp-json\/wp\/v2\/types\/page"}],"author":[{"embeddable":true,"href":"https:\/\/beautycrikvenica.com\/de\/wp-json\/wp\/v2\/users\/2"}],"replies":[{"embeddable":true,"href":"https:\/\/beautycrikvenica.com\/de\/wp-json\/wp\/v2\/comments?post=530"}],"version-history":[{"count":7,"href":"https:\/\/beautycrikvenica.com\/de\/wp-json\/wp\/v2\/pages\/530\/revisions"}],"predecessor-version":[{"id":538,"href":"https:\/\/beautycrikvenica.com\/de\/wp-json\/wp\/v2\/pages\/530\/revisions\/538"}],"wp:attachment":[{"href":"https:\/\/beautycrikvenica.com\/de\/wp-json\/wp\/v2\/media?parent=530"}],"curies":[{"name":"wp","href":"https:\/\/api.w.org\/{rel}","templated":true}]}}