{"id":524,"date":"2025-05-26T11:55:34","date_gmt":"2025-05-26T11:55:34","guid":{"rendered":"https:\/\/beautycrikvenica.com\/?page_id=524"},"modified":"2025-05-26T12:08:52","modified_gmt":"2025-05-26T12:08:52","slug":"datenschutz","status":"publish","type":"page","link":"https:\/\/beautycrikvenica.com\/de\/datenschutz\/","title":{"rendered":"Datenschutzbestimmungen"},"content":{"rendered":"<div data-elementor-type=\"wp-page\" data-elementor-id=\"524\" class=\"elementor elementor-524\" data-elementor-post-type=\"page\">\n\t\t\t\t<div class=\"elementor-element elementor-element-91b44dd e-flex e-con-boxed e-con e-parent\" data-id=\"91b44dd\" data-element_type=\"container\" data-e-type=\"container\">\n\t\t\t\t\t<div class=\"e-con-inner\">\n\t\t\t\t<div class=\"elementor-element elementor-element-9a37400 elementor-widget elementor-widget-heading\" data-id=\"9a37400\" data-element_type=\"widget\" data-e-type=\"widget\" data-widget_type=\"heading.default\">\n\t\t\t\t<div class=\"elementor-widget-container\">\n\t\t\t\t\t<h2 class=\"elementor-heading-title elementor-size-default\">Datenschutzbestimmungen<\/h2>\t\t\t\t<\/div>\n\t\t\t\t<\/div>\n\t\t\t\t<div class=\"elementor-element elementor-element-3bf74bc elementor-widget elementor-widget-text-editor\" data-id=\"3bf74bc\" data-element_type=\"widget\" data-e-type=\"widget\" data-widget_type=\"text-editor.default\">\n\t\t\t\t<div class=\"elementor-widget-container\">\n\t\t\t\t\t\t\t\t\t<p><strong>\ud83d\udcc5 Datum des Inkrafttretens:<\/strong> 28-Apr-2025<br \/><strong>\ud83d\udcc5 Zuletzt aktualisiert:<\/strong> 28-Apr-2025<\/p><hr \/><h3>1. Einleitung<\/h3><p>Diese Datenschutzrichtlinie beschreibt, wie <strong>MI &amp; CO.<\/strong> (\u201cwir\u201d, \u201cunser\u201d oder \u201cuns\u201d) erhebt, verwendet und teilt Ihre personenbezogenen Daten, wenn Sie unsere Website besuchen oder mit ihr interagieren <strong>beautycrikvenica.com<\/strong>.<\/p><hr \/><h3>2. Informationen, die wir sammeln<\/h3><ul><li><p><strong>Pers\u00f6nliche Informationen:<\/strong> Name, E-Mail Adresse<\/p><\/li><li><p><strong>Technische Informationen:<\/strong> IP-Adresse, Browsertyp, Ger\u00e4teinformationen<\/p><\/li><li><p><strong>Verhaltensrelevante Informationen:<\/strong> Interaktionen mit der Website, betrachtete Inhalte<\/p><\/li><\/ul><hr \/><h3>3. Zweck der Datenerhebung<\/h3><p>Wir verwenden Ihre Daten f\u00fcr:<\/p><ul><li><p>E-Mail-Marketing (auf der Grundlage Ihrer Zustimmung)<\/p><\/li><li><p>Verwaltung von Newsletter-Abonnements<\/p><\/li><li><p>Analyse des Website-Verkehrs und Optimierung der Leistung (\u00fcber Google Analytics)<\/p><\/li><\/ul><hr \/><h3>4. Rechtsgrundlage f\u00fcr die Verarbeitung<\/h3><p>Wir verarbeiten Ihre personenbezogenen Daten auf der Grundlage Ihrer ausdr\u00fccklichen Zustimmung unter <strong>Artikel 6 Absatz 1 Buchstabe a der Datenschutz-Grundverordnung<\/strong>.<\/p><hr \/><h3>5. Gemeinsame Nutzung von Daten und Drittparteien<\/h3><p>Wir k\u00f6nnen Ihre Daten weitergeben an:<\/p><ul><li><p><strong>Google Analytics<\/strong> (f\u00fcr die Analyse des Internetverkehrs; die Daten k\u00f6nnen gem\u00e4\u00df den Standardvertragsklauseln au\u00dferhalb der EU verarbeitet werden)<\/p><\/li><li><p><strong>YouTube<\/strong> (eingebetteter Videoinhalt)<\/p><\/li><li><p><strong>Calendly<\/strong> (f\u00fcr Online-Reservierungen)<\/p><\/li><li><p><strong>Plattformen f\u00fcr soziale Medien<\/strong> (Instagram, WhatsApp, Viber, Fresha)<\/p><\/li><\/ul><p>Wir tun <strong>nicht<\/strong> Ihre personenbezogenen Daten ohne Ihre Zustimmung zu Marketingzwecken weitergeben.<\/p><hr \/><h3>6. Vorratsdatenspeicherung<\/h3><p>Wir bewahren Ihre personenbezogenen Daten bis zu folgenden Zeitr\u00e4umen auf <strong>2 Jahre<\/strong> nach Ihrer letzten Interaktion, sofern dies nicht gesetzlich vorgeschrieben ist.<\/p><hr \/><h3>7. Deine Rechte<\/h3><p>Sie haben das Recht dazu:<\/p><ul><li><p>Zugang zu Ihren pers\u00f6nlichen Daten<\/p><\/li><li><p>Ihre pers\u00f6nlichen Daten zu korrigieren oder zu l\u00f6schen<\/p><\/li><li><p>Verarbeitung einschr\u00e4nken oder widersprechen<\/p><\/li><li><p>Einwilligung jederzeit widerrufen<\/p><\/li><li><p>Einreichen einer Beschwerde bei einer Aufsichtsbeh\u00f6rde<\/p><\/li><\/ul><p>Um diese Rechte auszu\u00fcben, kontaktieren Sie uns unter <strong><a href=\"mailto:info@beautycrikvenica.com\">info@beautycrikvenica.com<\/a><\/strong>.<\/p><hr \/><h3>8. Datensicherheit<\/h3><p>Wir setzen geeignete technische und organisatorische Ma\u00dfnahmen zum Schutz Ihrer personenbezogenen Daten ein.<\/p><hr \/><h3>9. Internationale Daten\u00fcbermittlung<\/h3><p>Drittanbieter wie z.B. <strong>Google<\/strong> und <strong>YouTube<\/strong> kann Daten au\u00dferhalb der EU unter angemessenen Sicherheitsvorkehrungen verarbeiten.<\/p><hr \/><h3>10. Privatsph\u00e4re der Kinder<\/h3><p>Unsere Dienstleistungen sind <strong>nicht f\u00fcr Personen unter 18 Jahren bestimmt<\/strong>. Wir sammeln nicht wissentlich personenbezogene Daten von Kindern.<\/p><hr \/><h3>11. Aktualisierungen dieser Datenschutzrichtlinie<\/h3><p>Wir k\u00f6nnen diese Datenschutzrichtlinie von Zeit zu Zeit \u00fcberarbeiten. Aktualisierungen werden auf dieser Seite ver\u00f6ffentlicht.<\/p><hr \/><h3>12. Kontaktinformationen<\/h3><p><strong>MI &amp; CO.<\/strong><br \/>Gajevo \u0160etali\u0161te 18, Crikvenica, Kroatien<br \/><strong>OIB:<\/strong> 25477863195<br \/><strong>Telefon:<\/strong> 098329242<br \/><strong>E-Mail:<\/strong> <a href=\"mailto:info@beautycrikvenica.com\">info@beautycrikvenica.com<\/a><\/p>\t\t\t\t\t\t\t\t<\/div>\n\t\t\t\t<\/div>\n\t\t\t\t\t<\/div>\n\t\t\t\t<\/div>\n\t\t\t\t<\/div>","protected":false},"excerpt":{"rendered":"<p>Privacy Policy \ud83d\udcc5 Effective Date: 28-Apr-2025\ud83d\udcc5 Last Updated: 28-Apr-2025 1. Introduction This Privacy Policy describes how MI &amp; CO. (&#8220;we,&#8221; &#8220;our,&#8221; or &#8220;us&#8221;) collects, uses, and shares your personal data when you visit or interact with our website beautycrikvenica.com. 2. Information We Collect Personal Information: Name, email address Technical Information: IP address, browser type, device [&hellip;]<\/p>\n","protected":false},"author":2,"featured_media":0,"parent":0,"menu_order":0,"comment_status":"closed","ping_status":"closed","template":"elementor_header_footer","meta":{"nf_dc_page":"","footnotes":""},"class_list":["post-524","page","type-page","status-publish","hentry"],"yoast_head":"<!-- This site is optimized with the Yoast SEO plugin v27.4 - https:\/\/yoast.com\/product\/yoast-seo-wordpress\/ -->\n<title>Privacy Policy - Beauty Rituali Crikvenica<\/title>\n<meta name=\"robots\" content=\"index, follow, max-snippet:-1, max-image-preview:large, max-video-preview:-1\" \/>\n<link rel=\"canonical\" href=\"https:\/\/beautycrikvenica.com\/de\/datenschutz\/\" \/>\n<meta property=\"og:locale\" content=\"de_DE\" \/>\n<meta property=\"og:type\" content=\"article\" \/>\n<meta property=\"og:title\" content=\"Privacy Policy - Beauty Rituali Crikvenica\" \/>\n<meta property=\"og:description\" content=\"Privacy Policy \ud83d\udcc5 Effective Date: 28-Apr-2025\ud83d\udcc5 Last Updated: 28-Apr-2025 1. Introduction This Privacy Policy describes how MI &amp; CO. (&#8220;we,&#8221; &#8220;our,&#8221; or &#8220;us&#8221;) collects, uses, and shares your personal data when you visit or interact with our website beautycrikvenica.com. 2. Information We Collect Personal Information: Name, email address Technical Information: IP address, browser type, device [&hellip;]\" \/>\n<meta property=\"og:url\" content=\"https:\/\/beautycrikvenica.com\/de\/datenschutz\/\" \/>\n<meta property=\"og:site_name\" content=\"Beauty Rituali Crikvenica\" \/>\n<meta property=\"article:modified_time\" content=\"2025-05-26T12:08:52+00:00\" \/>\n<meta name=\"twitter:card\" content=\"summary_large_image\" \/>\n<meta name=\"twitter:label1\" content=\"Gesch\u00e4tzte Lesezeit\" \/>\n\t<meta name=\"twitter:data1\" content=\"1\u00a0Minute\" \/>\n<script type=\"application\/ld+json\" class=\"yoast-schema-graph\">{\"@context\":\"https:\\\/\\\/schema.org\",\"@graph\":[{\"@type\":\"WebPage\",\"@id\":\"https:\\\/\\\/beautycrikvenica.com\\\/privacy\\\/\",\"url\":\"https:\\\/\\\/beautycrikvenica.com\\\/privacy\\\/\",\"name\":\"Privacy Policy - Beauty Rituali Crikvenica\",\"isPartOf\":{\"@id\":\"https:\\\/\\\/beautycrikvenica.com\\\/#website\"},\"datePublished\":\"2025-05-26T11:55:34+00:00\",\"dateModified\":\"2025-05-26T12:08:52+00:00\",\"breadcrumb\":{\"@id\":\"https:\\\/\\\/beautycrikvenica.com\\\/privacy\\\/#breadcrumb\"},\"inLanguage\":\"de\",\"potentialAction\":[{\"@type\":\"ReadAction\",\"target\":[\"https:\\\/\\\/beautycrikvenica.com\\\/privacy\\\/\"]}]},{\"@type\":\"BreadcrumbList\",\"@id\":\"https:\\\/\\\/beautycrikvenica.com\\\/privacy\\\/#breadcrumb\",\"itemListElement\":[{\"@type\":\"ListItem\",\"position\":1,\"name\":\"Home\",\"item\":\"https:\\\/\\\/beautycrikvenica.com\\\/\"},{\"@type\":\"ListItem\",\"position\":2,\"name\":\"Privacy Policy\"}]},{\"@type\":\"WebSite\",\"@id\":\"https:\\\/\\\/beautycrikvenica.com\\\/#website\",\"url\":\"https:\\\/\\\/beautycrikvenica.com\\\/\",\"name\":\"Beauty Rituali Crikvenica\",\"description\":\"MI&amp;Co.\",\"publisher\":{\"@id\":\"https:\\\/\\\/beautycrikvenica.com\\\/#organization\"},\"potentialAction\":[{\"@type\":\"SearchAction\",\"target\":{\"@type\":\"EntryPoint\",\"urlTemplate\":\"https:\\\/\\\/beautycrikvenica.com\\\/?s={search_term_string}\"},\"query-input\":{\"@type\":\"PropertyValueSpecification\",\"valueRequired\":true,\"valueName\":\"search_term_string\"}}],\"inLanguage\":\"de\"},{\"@type\":\"Organization\",\"@id\":\"https:\\\/\\\/beautycrikvenica.com\\\/#organization\",\"name\":\"Beauty Rituali Crikvenica\",\"url\":\"https:\\\/\\\/beautycrikvenica.com\\\/\",\"logo\":{\"@type\":\"ImageObject\",\"inLanguage\":\"de\",\"@id\":\"https:\\\/\\\/beautycrikvenica.com\\\/#\\\/schema\\\/logo\\\/image\\\/\",\"url\":\"https:\\\/\\\/beautycrikvenica.com\\\/wp-content\\\/uploads\\\/2025\\\/04\\\/Beauty-Rituali-e1744358986773.png\",\"contentUrl\":\"https:\\\/\\\/beautycrikvenica.com\\\/wp-content\\\/uploads\\\/2025\\\/04\\\/Beauty-Rituali-e1744358986773.png\",\"width\":1340,\"height\":497,\"caption\":\"Beauty Rituali Crikvenica\"},\"image\":{\"@id\":\"https:\\\/\\\/beautycrikvenica.com\\\/#\\\/schema\\\/logo\\\/image\\\/\"}}]}<\/script>\n<!-- \/ Yoast SEO plugin. -->","yoast_head_json":{"title":"Datenschutzrichtlinie - Beauty Rituali Crikvenica","robots":{"index":"index","follow":"follow","max-snippet":"max-snippet:-1","max-image-preview":"max-image-preview:large","max-video-preview":"max-video-preview:-1"},"canonical":"https:\/\/beautycrikvenica.com\/de\/datenschutz\/","og_locale":"de_DE","og_type":"article","og_title":"Privacy Policy - Beauty Rituali Crikvenica","og_description":"Privacy Policy \ud83d\udcc5 Effective Date: 28-Apr-2025\ud83d\udcc5 Last Updated: 28-Apr-2025 1. Introduction This Privacy Policy describes how MI &amp; CO. (&#8220;we,&#8221; &#8220;our,&#8221; or &#8220;us&#8221;) collects, uses, and shares your personal data when you visit or interact with our website beautycrikvenica.com. 2. Information We Collect Personal Information: Name, email address Technical Information: IP address, browser type, device [&hellip;]","og_url":"https:\/\/beautycrikvenica.com\/de\/datenschutz\/","og_site_name":"Beauty Rituali Crikvenica","article_modified_time":"2025-05-26T12:08:52+00:00","twitter_card":"summary_large_image","twitter_misc":{"Gesch\u00e4tzte Lesezeit":"1\u00a0Minute"},"schema":{"@context":"https:\/\/schema.org","@graph":[{"@type":"WebPage","@id":"https:\/\/beautycrikvenica.com\/privacy\/","url":"https:\/\/beautycrikvenica.com\/privacy\/","name":"Datenschutzrichtlinie - Beauty Rituali Crikvenica","isPartOf":{"@id":"https:\/\/beautycrikvenica.com\/#website"},"datePublished":"2025-05-26T11:55:34+00:00","dateModified":"2025-05-26T12:08:52+00:00","breadcrumb":{"@id":"https:\/\/beautycrikvenica.com\/privacy\/#breadcrumb"},"inLanguage":"de","potentialAction":[{"@type":"ReadAction","target":["https:\/\/beautycrikvenica.com\/privacy\/"]}]},{"@type":"BreadcrumbList","@id":"https:\/\/beautycrikvenica.com\/privacy\/#breadcrumb","itemListElement":[{"@type":"ListItem","position":1,"name":"Home","item":"https:\/\/beautycrikvenica.com\/"},{"@type":"ListItem","position":2,"name":"Privacy Policy"}]},{"@type":"WebSite","@id":"https:\/\/beautycrikvenica.com\/#website","url":"https:\/\/beautycrikvenica.com\/","name":"Sch\u00f6nheitsrituale Crikvenica","description":"MI&amp;Co.","publisher":{"@id":"https:\/\/beautycrikvenica.com\/#organization"},"potentialAction":[{"@type":"SearchAction","target":{"@type":"EntryPoint","urlTemplate":"https:\/\/beautycrikvenica.com\/?s={search_term_string}"},"query-input":{"@type":"PropertyValueSpecification","valueRequired":true,"valueName":"search_term_string"}}],"inLanguage":"de"},{"@type":"Organization","@id":"https:\/\/beautycrikvenica.com\/#organization","name":"Sch\u00f6nheitsrituale Crikvenica","url":"https:\/\/beautycrikvenica.com\/","logo":{"@type":"ImageObject","inLanguage":"de","@id":"https:\/\/beautycrikvenica.com\/#\/schema\/logo\/image\/","url":"https:\/\/beautycrikvenica.com\/wp-content\/uploads\/2025\/04\/Beauty-Rituali-e1744358986773.png","contentUrl":"https:\/\/beautycrikvenica.com\/wp-content\/uploads\/2025\/04\/Beauty-Rituali-e1744358986773.png","width":1340,"height":497,"caption":"Beauty Rituali Crikvenica"},"image":{"@id":"https:\/\/beautycrikvenica.com\/#\/schema\/logo\/image\/"}}]}},"_links":{"self":[{"href":"https:\/\/beautycrikvenica.com\/de\/wp-json\/wp\/v2\/pages\/524","targetHints":{"allow":["GET"]}}],"collection":[{"href":"https:\/\/beautycrikvenica.com\/de\/wp-json\/wp\/v2\/pages"}],"about":[{"href":"https:\/\/beautycrikvenica.com\/de\/wp-json\/wp\/v2\/types\/page"}],"author":[{"embeddable":true,"href":"https:\/\/beautycrikvenica.com\/de\/wp-json\/wp\/v2\/users\/2"}],"replies":[{"embeddable":true,"href":"https:\/\/beautycrikvenica.com\/de\/wp-json\/wp\/v2\/comments?post=524"}],"version-history":[{"count":4,"href":"https:\/\/beautycrikvenica.com\/de\/wp-json\/wp\/v2\/pages\/524\/revisions"}],"predecessor-version":[{"id":528,"href":"https:\/\/beautycrikvenica.com\/de\/wp-json\/wp\/v2\/pages\/524\/revisions\/528"}],"wp:attachment":[{"href":"https:\/\/beautycrikvenica.com\/de\/wp-json\/wp\/v2\/media?parent=524"}],"curies":[{"name":"wp","href":"https:\/\/api.w.org\/{rel}","templated":true}]}}